{"id":1741,"date":"2021-05-28T13:49:39","date_gmt":"2021-05-28T13:49:39","guid":{"rendered":"https:\/\/www.heilbronnonline.de\/?page_id=1741"},"modified":"2025-04-04T07:28:38","modified_gmt":"2025-04-04T07:28:38","slug":"video-background","status":"publish","type":"page","link":"https:\/\/www.heilbronnonline.de\/?page_id=1741","title":{"rendered":"Video Background"},"content":{"rendered":"<h1>Hoverex Cryptocurrency<br \/>Pre-ICO starts in:<\/h1>\n<p>\t\tWe embed new technologies in our app that were carefully evaluated<br \/>according to the criteria of cost and ease of use.<br \/>\n\t\t\t\t\t<a href=\"\/donations\/donation\/\" id=\"trx_sc_button_1316161171\">Join Pre-ICO<!-- \/.sc_button_text --><\/a><!-- \/.sc_button --><!-- \/.sc_item_button -->\t\t\t\t<\/p>\n<h2>46.000.000 HVR to be sold! <\/h2>\n<p>\t\tDuring Pre-Sale, get 5x tokens or 50.000 HVR per Ether.<br \/>\nDuring regular sale, it will be 10.000 HVR per Ether.<br \/>\n\t\t\t\tDays<br \/>\n\t\t\t :<br \/>\n\t\t\t\tHours<br \/>\n\t\t\t:<br \/>\n\t\t\t\tMinutes<br \/>\n\t\t\t:<br \/>\n\t\t\t\tSeconds<\/p>\n<h1>Unseen Technology<\/h1>\n<p>\t<img loading=\"lazy\" width=\"370\" height=\"208\" src=\"https:\/\/www.heilbronnonline.de\/wp-content\/uploads\/2018\/02\/blog-8-copyright-370x208.jpg\" alt=\"\" decoding=\"async\" srcset=\"https:\/\/www.heilbronnonline.de\/wp-content\/uploads\/2018\/02\/blog-8-copyright-370x208.jpg 370w, https:\/\/www.heilbronnonline.de\/wp-content\/uploads\/2018\/02\/blog-8-copyright-1278x719.jpg 1278w, https:\/\/www.heilbronnonline.de\/wp-content\/uploads\/2018\/02\/blog-8-copyright-270x152.jpg 270w\" sizes=\"auto, (max-width: 370px) 100vw, 370px\" \/><a href=\"https:\/\/www.heilbronnonline.de\/services\/privacy-protection\/\" aria-hidden=\"true\"><\/a>\t<\/p>\n<h4><a href=\"https:\/\/www.heilbronnonline.de\/services\/privacy-protection\/\">Privacy Protection<\/a><\/h4>\n<p>HVR transactions are secured by military grade cryptography. Nobody can charge you money or make a payment for you.<\/p>\n<p><a href=\"https:\/\/www.heilbronnonline.de\/services\/privacy-protection\/\">Learn more<\/a><br \/>\n\t<img loading=\"lazy\" width=\"370\" height=\"208\" src=\"https:\/\/www.heilbronnonline.de\/wp-content\/uploads\/2018\/02\/blog-8-copyright-370x208.jpg\" alt=\"\" decoding=\"async\" srcset=\"https:\/\/www.heilbronnonline.de\/wp-content\/uploads\/2018\/02\/blog-8-copyright-370x208.jpg 370w, https:\/\/www.heilbronnonline.de\/wp-content\/uploads\/2018\/02\/blog-8-copyright-1278x719.jpg 1278w, https:\/\/www.heilbronnonline.de\/wp-content\/uploads\/2018\/02\/blog-8-copyright-270x152.jpg 270w\" sizes=\"auto, (max-width: 370px) 100vw, 370px\" \/><a href=\"https:\/\/www.heilbronnonline.de\/services\/proteccion-de-privacidad\/\" aria-hidden=\"true\"><\/a>\t<\/p>\n<h4><a href=\"https:\/\/www.heilbronnonline.de\/services\/proteccion-de-privacidad\/\">Protecci\u00f3n de privacidad<\/a><\/h4>\n<p>Las transacciones de HVR est\u00e1n aseguradas por la criptograf\u00eda. Nadie puede cobrarte dinero o pagar por Usted.<\/p>\n<p><a href=\"https:\/\/www.heilbronnonline.de\/services\/proteccion-de-privacidad\/\">Learn more<\/a><br \/>\n\t<img loading=\"lazy\" width=\"370\" height=\"208\" src=\"https:\/\/www.heilbronnonline.de\/wp-content\/uploads\/2018\/02\/blog-13-copyright-370x208.jpg\" alt=\"\" decoding=\"async\" srcset=\"https:\/\/www.heilbronnonline.de\/wp-content\/uploads\/2018\/02\/blog-13-copyright-370x208.jpg 370w, https:\/\/www.heilbronnonline.de\/wp-content\/uploads\/2018\/02\/blog-13-copyright-1278x719.jpg 1278w, https:\/\/www.heilbronnonline.de\/wp-content\/uploads\/2018\/02\/blog-13-copyright-270x152.jpg 270w\" sizes=\"auto, (max-width: 370px) 100vw, 370px\" \/><a href=\"https:\/\/www.heilbronnonline.de\/services\/works-everywhere\/\" aria-hidden=\"true\"><\/a>\t<\/p>\n<h4><a href=\"https:\/\/www.heilbronnonline.de\/services\/works-everywhere\/\">Works Everywhere<\/a><\/h4>\n<p>Just like with email, you don\u2019t need to ask your family to use the same software or the same service providers.<\/p>\n<p><a href=\"https:\/\/www.heilbronnonline.de\/services\/works-everywhere\/\">Learn more<\/a><br \/>\n<!-- \/.sc_services --><br \/>\n\t\t\t\t\t\t\t\t\t\t\t\t\t\t\t<img decoding=\"async\" src=\"https:\/\/www.heilbronnonline.de\/wp-content\/uploads\/elementor\/thumbs\/image-12-copyright-r3tbk2urngaj57lm3zf0dzs3s9chx0qckksumvelo4.png\" title=\"image-12-copyright\" alt=\"image-12-copyright\" loading=\"lazy\" \/>\t\t\t\t\t\t\t\t\t\t\t\t\t\t\t<\/p>\n<h1>What Do We Do?<\/h1>\n<p>We want to bridge the gap between the cryptocurrency market and everyday consumers. We&#8217;ll bring it into the mainstream by removing the barriers to access, and by helping people trust and understand<br \/>\nwhat we believe to be the future of money.<\/p>\n<p><!-- \/.sc_title --><br \/>\n\t\t\t\t\t<a href=\"\/what-we-offer\/\" id=\"trx_sc_button_725854003\">Whitepaper<!-- \/.sc_button_text --><\/a><!-- \/.sc_button --><br \/>\n\t\t\t\t\t<a href=\"\/hoverex-exchange-ios-app-is-coming\/\" id=\"trx_sc_button_1594769596\">Play Video<!-- \/.sc_button_text --><\/a><!-- \/.sc_button -->\t\t\t\t<\/p>\n<h1>Platform That Enables <br \/> Developer Solutions<\/h1>\n<p><!-- \/.sc_title --><br \/>\n\t<a href=\"https:\/\/www.heilbronnonline.de\/services\/privacy-protection\/\" id=\"trx_sc_services_24654622_icon-10-privacy_1\"\n\t\t\t\t><\/a>\t<\/p>\n<h4><a href=\"https:\/\/www.heilbronnonline.de\/services\/privacy-protection\/\">Privacy Protection<\/a><\/h4>\n<p>HVR transactions are secured by military grade cryptography. Nobody can charge you money or make a payment for you.<\/p>\n<p><a href=\"https:\/\/www.heilbronnonline.de\/services\/privacy-protection\/\">Learn more<\/a><br \/>\n\t<a href=\"https:\/\/www.heilbronnonline.de\/services\/proteccion-de-privacidad\/\" id=\"trx_sc_services_24654622_icon-10-privacy_2\"\n\t\t\t\t><\/a>\t<\/p>\n<h4><a href=\"https:\/\/www.heilbronnonline.de\/services\/proteccion-de-privacidad\/\">Protecci\u00f3n de privacidad<\/a><\/h4>\n<p>Las transacciones de HVR est\u00e1n aseguradas por la criptograf\u00eda. Nadie puede cobrarte dinero o pagar por Usted.<\/p>\n<p><a href=\"https:\/\/www.heilbronnonline.de\/services\/proteccion-de-privacidad\/\">Learn more<\/a><br \/>\n\t<a href=\"https:\/\/www.heilbronnonline.de\/services\/works-everywhere\/\" id=\"trx_sc_services_24654622_icon-11-network_3\"\n\t\t\t\t><\/a>\t<\/p>\n<h4><a href=\"https:\/\/www.heilbronnonline.de\/services\/works-everywhere\/\">Works Everywhere<\/a><\/h4>\n<p>Just like with email, you don\u2019t need to ask your family to use the same software or the same service providers.<\/p>\n<p><a href=\"https:\/\/www.heilbronnonline.de\/services\/works-everywhere\/\">Learn more<\/a><br \/>\n\t<a href=\"https:\/\/www.heilbronnonline.de\/services\/funciona-en-todas-partes\/\" id=\"trx_sc_services_24654622_icon-11-network_4\"\n\t\t\t\t><\/a>\t<\/p>\n<h4><a href=\"https:\/\/www.heilbronnonline.de\/services\/funciona-en-todas-partes\/\">Funciona en todas partes<\/a><\/h4>\n<p>Al igual que con el correo electr\u00f3nico, no necesitas pedirte a tu familia usar el mismo software o los mismos proveedores.<\/p>\n<p><a href=\"https:\/\/www.heilbronnonline.de\/services\/funciona-en-todas-partes\/\">Learn more<\/a><br \/>\n\t<a href=\"https:\/\/www.heilbronnonline.de\/services\/transacciones-de-c2c\/\" id=\"trx_sc_services_24654622_icon-icon_8_5\"\n\t\t\t\t><\/a>\t<\/p>\n<h4><a href=\"https:\/\/www.heilbronnonline.de\/services\/transacciones-de-c2c\/\">Transacciones de C2C<\/a><\/h4>\n<p>Las operaciones C2C son f\u00e1ciles, r\u00e1pidas y seguras con Hoverex. Env\u00eda los HVR o tu moneda a cualquier cliente.<\/p>\n<p><a href=\"https:\/\/www.heilbronnonline.de\/services\/transacciones-de-c2c\/\">Learn more<\/a><br \/>\n\t<a href=\"https:\/\/www.heilbronnonline.de\/services\/pre-ico-2\/\" id=\"trx_sc_services_24654622_icon-18-global_6\"\n\t\t\t\t><\/a>\t<\/p>\n<h4><a href=\"https:\/\/www.heilbronnonline.de\/services\/pre-ico-2\/\">CPA Networks<\/a><\/h4>\n<p>We&#8217;ve revolutionized consumer targeting by giving brands the tools and insight to know their customers. <\/p>\n<p><a href=\"https:\/\/www.heilbronnonline.de\/services\/pre-ico-2\/\">Learn more<\/a><br \/>\n<!-- \/.sc_services --><br \/>\n\t\t\t\t\t\t\t\t\t\t\t\t\t\t\t<img loading=\"lazy\" decoding=\"async\" width=\"344\" height=\"691\" src=\"https:\/\/www.heilbronnonline.de\/wp-content\/uploads\/2018\/03\/phone-single-copyright.png\" alt=\"\" srcset=\"https:\/\/www.heilbronnonline.de\/wp-content\/uploads\/2018\/03\/phone-single-copyright.png 344w, https:\/\/www.heilbronnonline.de\/wp-content\/uploads\/2018\/03\/phone-single-copyright-149x300.png 149w\" sizes=\"auto, (max-width: 344px) 100vw, 344px\" \/>\t\t\t\t\t\t\t\t\t\t\t\t\t\t\t<\/p>\n<h1>Creative App For Your  Easy Life!<\/h1>\n<p><!-- \/.sc_title -->\t\t\t\t<\/p>\n<ul>\n<li><strong>Ease of Use<\/strong><br \/>We embed new technologies in our app that were carefully evaluated according to the criteria of cost and ease of use.<\/li>\n<\/ul>\n<ul>\n<li><strong>Transfer Securely<\/strong><br \/>Our app includes a network protocol which establishes an encrypted tunnel allowing to log in to a computer and making data transfer safe.<\/li>\n<\/ul>\n<ul>\n<li><strong>Greater Diversity<\/strong><br \/>We created our app with all the necessary functions, which helped improve the control over operations and speed up the data exchange process.<\/li>\n<\/ul>\n<p>\t\t\t\t\t<a href=\"https:\/\/play.google.com\/\" id=\"trx_sc_button_1807506284\"><img loading=\"lazy\" decoding=\"async\" src=\"\/\/www.heilbronnonline.de\/wp-content\/uploads\/2018\/02\/button_img1.png\" alt=\"\" width=\"30\" height=\"34\">Android App onGoogle Play<!-- \/.sc_button_text --><\/a><!-- \/.sc_button --><br \/>\n\t\t\t\t\t<a href=\"https:\/\/www.apple.com\/app-store\/\" id=\"trx_sc_button_1515487485\"><img loading=\"lazy\" decoding=\"async\" src=\"\/\/www.heilbronnonline.de\/wp-content\/uploads\/2018\/02\/button_img2.png\" alt=\"\" width=\"29\" height=\"34\">Get it onAppStore<!-- \/.sc_button_text --><\/a><!-- \/.sc_button -->\t\t\t\t<\/p>\n<h1>News &#038; Updates<\/h1>\n<p><!-- \/.sc_title --><br \/>\n\t\t\t\t\t<img loading=\"lazy\" width=\"370\" height=\"274\" src=\"https:\/\/www.heilbronnonline.de\/wp-content\/uploads\/2018\/02\/blog-14-copyright-370x274.jpg\" alt=\"\" decoding=\"async\" \/><a href=\"https:\/\/www.heilbronnonline.de\/2018\/01\/13\/meet-the-team-richard-norman-our-community-manager\/\" aria-hidden=\"true\"><\/a><\/p>\n<h5><a href=\"https:\/\/www.heilbronnonline.de\/2018\/01\/13\/meet-the-team-richard-norman-our-community-manager\/\" rel=\"bookmark\">Meet the team: Richard Norman, our Community Manager<\/a><\/h5>\n<p><!-- .entry-header --><!-- .entry-content --><!-- .sc_blogger_item --><img loading=\"lazy\" width=\"370\" height=\"274\" src=\"https:\/\/www.heilbronnonline.de\/wp-content\/uploads\/2018\/02\/blog-15-copyright-370x274.jpg\" alt=\"\" decoding=\"async\" \/><a href=\"https:\/\/www.heilbronnonline.de\/2018\/01\/13\/3-easy-steps-to-participate-in-the-hoverex-token-sale\/\" aria-hidden=\"true\"><\/a><\/p>\n<h5><a href=\"https:\/\/www.heilbronnonline.de\/2018\/01\/13\/3-easy-steps-to-participate-in-the-hoverex-token-sale\/\" rel=\"bookmark\">Three easy steps to participate in the Hoverex Token Sale<\/a><\/h5>\n<p><!-- .entry-header --><!-- .entry-content --><!-- .sc_blogger_item --><img loading=\"lazy\" width=\"370\" height=\"274\" src=\"https:\/\/www.heilbronnonline.de\/wp-content\/uploads\/2018\/02\/blog-16-copyright-370x274.jpg\" alt=\"\" decoding=\"async\" \/><a href=\"https:\/\/www.heilbronnonline.de\/2018\/01\/13\/the-investment-generation-gap-experience-vs-ownership\/\" aria-hidden=\"true\"><\/a><\/p>\n<h5><a href=\"https:\/\/www.heilbronnonline.de\/2018\/01\/13\/the-investment-generation-gap-experience-vs-ownership\/\" rel=\"bookmark\">The investment generation gap: experience vs. ownership<\/a><\/h5>\n<p><!-- .entry-header --><!-- .entry-content --><!-- .sc_blogger_item --><!-- \/.sc_blogger -->\t\t\t\t<\/p>\n<h3>Follow us to get our latest articles, publications and announcements<\/h3>\n<p><a href=\"https:\/\/www.heilbronnonline.de\/classic-1\/\" id=\"sc_button_614235012\">View All News<!-- \/.sc_button_text --><\/a><!-- \/.sc_button --><!-- \/.sc_item_button --><!-- \/.sc_title --><\/p>\n","protected":false},"excerpt":{"rendered":"<p>Hoverex CryptocurrencyPre-ICO starts in: We embed new technologies in our app that were carefully evaluatedaccording to the criteria of cost and ease of use. Join Pre-ICO 46.000.000 HVR to be sold! During Pre-Sale, get 5x tokens or 50.000 HVR per&hellip;<\/p>\n","protected":false},"author":1,"featured_media":0,"parent":0,"menu_order":0,"comment_status":"closed","ping_status":"closed","template":"","meta":{"footnotes":""},"class_list":["post-1741","page","type-page","status-publish","hentry"],"_links":{"self":[{"href":"https:\/\/www.heilbronnonline.de\/index.php?rest_route=\/wp\/v2\/pages\/1741","targetHints":{"allow":["GET"]}}],"collection":[{"href":"https:\/\/www.heilbronnonline.de\/index.php?rest_route=\/wp\/v2\/pages"}],"about":[{"href":"https:\/\/www.heilbronnonline.de\/index.php?rest_route=\/wp\/v2\/types\/page"}],"author":[{"embeddable":true,"href":"https:\/\/www.heilbronnonline.de\/index.php?rest_route=\/wp\/v2\/users\/1"}],"replies":[{"embeddable":true,"href":"https:\/\/www.heilbronnonline.de\/index.php?rest_route=%2Fwp%2Fv2%2Fcomments&post=1741"}],"version-history":[{"count":0,"href":"https:\/\/www.heilbronnonline.de\/index.php?rest_route=\/wp\/v2\/pages\/1741\/revisions"}],"wp:attachment":[{"href":"https:\/\/www.heilbronnonline.de\/index.php?rest_route=%2Fwp%2Fv2%2Fmedia&parent=1741"}],"curies":[{"name":"wp","href":"https:\/\/api.w.org\/{rel}","templated":true}]}}